{"id":892,"date":"2020-08-23T15:08:07","date_gmt":"2020-08-23T13:08:07","guid":{"rendered":"http:\/\/bergers-schlagerparadies.de\/?page_id=892"},"modified":"2020-09-16T15:00:36","modified_gmt":"2020-09-16T13:00:36","slug":"bemusterung","status":"publish","type":"page","link":"https:\/\/bergers-schlagerparadies.de\/?page_id=892","title":{"rendered":"Bemusterung"},"content":{"rendered":"<div class=\"kvgmc6g5 cxmmr5t8 oygrvhab hcukyx3x c1et5uql ii04i59q\">\n<div dir=\"auto\">INFO ZU BEMUSTERUNGEN.<\/div>\n<div dir=\"auto\"><\/div>\n<div dir=\"auto\">Liebe Bands, liebe Musiker, liebe Musik-Label, liebe Musikverlage, liebe K\u00fcnstleragenturen, sch\u00f6n, dass Sie <em><strong>Berger\u00b4s Schlagerparadies<\/strong><\/em> entdeckt haben!<\/div>\n<div dir=\"auto\"><\/div>\n<div dir=\"auto\">Der Einfachheit halber bleiben wir mal beim \u201cSie\u201d \u2013 aber selbstverst\u00e4ndlich ist auch das \u201cDu\u201d f\u00fcr uns v\u00f6llig in Ordnung!<\/div>\n<div dir=\"auto\"><\/div>\n<\/div>\n<div class=\"o9v6fnle cxmmr5t8 oygrvhab hcukyx3x c1et5uql ii04i59q\">\n<div dir=\"auto\">Um unseren Text k\u00fcrzer und unkomplizierter zu machen, verzichten wir au\u00dferdem auf die Nennung der unterschiedlichen Geschlechter \/ Gender.<\/div>\n<div dir=\"auto\">Selbstverst\u00e4ndlich meinen wir aber immer alle Geschlechter!<\/div>\n<div dir=\"auto\"><\/div>\n<\/div>\n<div class=\"o9v6fnle cxmmr5t8 oygrvhab hcukyx3x c1et5uql ii04i59q\">\n<div dir=\"auto\">Auf dieser Seite finden Sie Informationen, die Ihnen dabei helfen sollen, zu entscheiden, ob Sie uns zuk\u00fcnftig mit Ihren Releases bemustern m\u00f6chten.<\/div>\n<div dir=\"auto\"><\/div>\n<div dir=\"auto\">Sollten Sie noch weitere Fragen haben, so senden Sie uns bitte eine Email ( bemusterung at Bergers \u2013 Schlagerparadies punkt de ) oder nutzen Sie am ende den Link \u2013 wir werden Ihre Fragen sehr gerne beantworten!<\/div>\n<\/div>\n<p>Sie m\u00f6chten, dass wir Ihre Bemusterungen oder Ihre Musikwerke bei uns im Programm spielen?<\/p>\n<p>Gerne spielen wir Ihren Song hier bei uns, Berger\u00b4s Schlagerparadies.<\/p>\n<p>Dann haben Sie hier die M\u00f6glichkeit, uns zu kontaktieren.<\/p>\n<p><a href=\"mailto:bemusterung@bergers-schlagerparadies.de\">Sende eine E-Mail<\/a><\/p>\n<p>&nbsp;<\/p>\n<p>&nbsp;<\/p>\n","protected":false},"excerpt":{"rendered":"<p>INFO ZU BEMUSTERUNGEN. Liebe Bands, liebe Musiker, liebe Musik-Label, liebe Musikverlage, liebe K\u00fcnstleragenturen, sch\u00f6n, dass Sie Berger\u00b4s Schlagerparadies entdeckt haben! Der Einfachheit halber bleiben wir mal beim \u201cSie\u201d \u2013 aber selbstverst\u00e4ndlich ist auch das \u201cDu\u201d f\u00fcr uns v\u00f6llig in Ordnung! Um unseren Text k\u00fcrzer und unkomplizierter zu machen, verzichten wir au\u00dferdem auf die Nennung der unterschiedlichen Geschlechter \/ Gender. Selbstverst\u00e4ndlich meinen wir aber immer alle Geschlechter! Auf dieser Seite finden Sie Informationen, die Ihnen dabei helfen sollen, zu entscheiden, ob Sie uns zuk\u00fcnftig mit Ihren Releases bemustern m\u00f6chten. Sollten Sie noch weitere Fragen haben, so senden Sie uns bitte eine Email ( bemusterung at Bergers&#8230;<\/p>\n","protected":false},"author":1,"featured_media":0,"parent":0,"menu_order":0,"comment_status":"closed","ping_status":"closed","template":"","meta":{"footnotes":""},"class_list":["post-892","page","type-page","status-publish","hentry"],"_links":{"self":[{"href":"https:\/\/bergers-schlagerparadies.de\/index.php?rest_route=\/wp\/v2\/pages\/892","targetHints":{"allow":["GET"]}}],"collection":[{"href":"https:\/\/bergers-schlagerparadies.de\/index.php?rest_route=\/wp\/v2\/pages"}],"about":[{"href":"https:\/\/bergers-schlagerparadies.de\/index.php?rest_route=\/wp\/v2\/types\/page"}],"author":[{"embeddable":true,"href":"https:\/\/bergers-schlagerparadies.de\/index.php?rest_route=\/wp\/v2\/users\/1"}],"replies":[{"embeddable":true,"href":"https:\/\/bergers-schlagerparadies.de\/index.php?rest_route=%2Fwp%2Fv2%2Fcomments&post=892"}],"version-history":[{"count":7,"href":"https:\/\/bergers-schlagerparadies.de\/index.php?rest_route=\/wp\/v2\/pages\/892\/revisions"}],"predecessor-version":[{"id":1167,"href":"https:\/\/bergers-schlagerparadies.de\/index.php?rest_route=\/wp\/v2\/pages\/892\/revisions\/1167"}],"wp:attachment":[{"href":"https:\/\/bergers-schlagerparadies.de\/index.php?rest_route=%2Fwp%2Fv2%2Fmedia&parent=892"}],"curies":[{"name":"wp","href":"https:\/\/api.w.org\/{rel}","templated":true}]}}