{"id":213,"date":"2020-06-28T15:50:40","date_gmt":"2020-06-28T13:50:40","guid":{"rendered":"http:\/\/bergers-schlagerparadies.de\/?page_id=213"},"modified":"2022-12-17T19:54:49","modified_gmt":"2022-12-17T18:54:49","slug":"imressum","status":"publish","type":"page","link":"https:\/\/bergers-schlagerparadies.de\/?page_id=213","title":{"rendered":"Impressum"},"content":{"rendered":"<p><span style=\"color: #800000;\"><strong>Radioleitung, Systemadministrator und Webadministrator<\/strong><\/span><\/p>\n<p>Brian Berger<\/p>\n<p>Lehmanns Brink 39<\/p>\n<p>45277 Essen<\/p>\n<p>Telefon: kann erfragt werden<\/p>\n<p>Email: redaktion<span style=\"color: #800000;\">(@)<\/span>bergers-schlagerparadies.de<\/p>\n<p>&nbsp;<\/p>\n<p><span style=\"color: #800000;\">\u00a9<\/span> by bergers-schlagerparadies.de 2020 | Umsetzung was der Webseite angeht, Brian Berger<\/p>\n<p>Lizenzfreie verwendete Fotos auf bergers-schlagerparadies.de : <a href=\"http:\/\/www.pixelio.de\">http:\/\/www.pixelio.de<\/a><\/p>\n<p>Lizenzfreie verwendete Fotos von\u00a0<a href=\"https:\/\/www.pixabay.com\/\" target=\"_blank\" rel=\"noopener noreferrer\">https:\/\/www.pixabay.com\/<\/a><\/p>\n<p>Lizenzfreie verwendete Fotos von <a href=\"http:\/\/www.flickr.com\">www.flickr.com<\/a><\/p>\n<p>Bergers-Schlagerparadies ist ein durch die laut.ag, bei GEMA und GVL Lizenziertes und Legales Webradio.<\/p>\n<p>Die zum Betrieb eines solchen eigenen Internetradios erforderlichen und anfallenden Streaming Geb\u00fchren, GEMA- und GVL-Lizenzen werden durch <strong>laut.ag<\/strong> entrichtet, hierzu wurden entsprechende vertragliche Vereinbarungen mit den entsprechenden Gesellschaften geschlossen, deren wesentlicher Inhalt in \u00a7 7 wiedergegeben wird.<\/p>\n<address>laut.ag<br \/>\nSeilerstra\u00dfe 7<br \/>\n78467 Konstanz<br \/>\nFax: 07531 \u2013 69238 \u2013 11<\/address>\n<p>Amtsgericht Freiburg i. B.<br \/>\nHRB 381837<br \/>\nUSt-ID: DE213331580<\/p>\n<p>Als Gegenleistung wird <strong>laut.ag<\/strong> die M\u00f6glichkeit einger\u00e4umt in den Radiostreams und -Playern Werbung zu schalten.<\/p>\n<p>Alle Team Mitglieder wirken ehrenamtlich mit und beziehen keinerlei Geh\u00e4lter \/ Einnahmen f\u00fcr ihre Mitarbeit!<br \/>\nDies ist eine private Webseite.<\/p>\n<p>Wird das Programm nicht vom oben genannten Standort aus betrieben, haftet der jeweilige Moderator f\u00fcr den Inhalt der Sendung. Von allen Aktivit\u00e4ten die unsere Moderatoren in ihrem Privatleben oder ihrer sendefreien Zeit ausf\u00fchren\/gestalten\/vornehmen oder \u00e4u\u00dfern, distanzieren sich die Inhaber des bergers-schlagerparadies.<\/p>\n<h4>Haftung f\u00fcr Inhalte:<\/h4>\n<p><!--StartFragment --><\/p>\n<p>Als Diensteanbieter sind wir gem\u00e4\u00df \u00a7 7 Abs.1 TMG f\u00fcr eigene Inhalte auf diesen Seiten nach den allgemeinen Gesetzen verantwortlich. Nach \u00a7\u00a7 8 bis 10 TMG sind wir als Diensteanbieter jedoch nicht verpflichtet, \u00fcbermittelte oder gespeicherte fremde Informationen zu \u00fcberwachen oder nach Umst\u00e4nden zu forschen, die auf eine rechtswidrige T\u00e4tigkeit hinweisen.<\/p>\n<p>Verpflichtungen zur Entfernung oder Sperrung der Nutzung von Informationen nach den allgemeinen Gesetzen bleiben hiervon unber\u00fchrt. Eine diesbez\u00fcgliche Haftung ist jedoch erst ab dem Zeitpunkt der Kenntnis einer konkreten Rechtsverletzung m\u00f6glich. Bei Bekanntwerden von entsprechenden Rechtsverletzungen werden wir diese Inhalte umgehend entfernen.<\/p>\n<h4>Haftung f\u00fcr Links:<\/h4>\n<p>Unser Angebot enth\u00e4lt Links zu externen Websites Dritter, auf deren Inhalte wir keinen Einfluss haben. Deshalb k\u00f6nnen wir f\u00fcr diese fremden Inhalte auch keine Gew\u00e4hr \u00fcbernehmen. F\u00fcr die Inhalte der verlinkten Seiten ist stets der jeweilige Anbieter oder Betreiber der Seiten verantwortlich. Die verlinkten Seiten wurden zum Zeitpunkt der Verlinkung auf m\u00f6gliche Rechtsverst\u00f6\u00dfe \u00fcberpr\u00fcft. Rechtswidrige Inhalte waren zum Zeitpunkt der Verlinkung nicht erkennbar.<\/p>\n<p>Eine permanente inhaltliche Kontrolle der verlinkten Seiten ist jedoch ohne konkrete Anhaltspunkte einer Rechtsverletzung nicht zumutbar. Bei Bekanntwerden von Rechtsverletzungen werden wir derartige Links umgehend entfernen.<\/p>\n<h4>Urheberrecht:<\/h4>\n<p>Die durch die Seitenbetreiber erstellten Inhalte und Werke auf diesen Seiten unterliegen dem deutschen Urheberrecht. Die Vervielf\u00e4ltigung, Bearbeitung, Verbreitung und jede Art der Verwertung au\u00dferhalb der Grenzen des Urheberrechtes bed\u00fcrfen der schriftlichen Zustimmung des jeweiligen Autors bzw. Erstellers. Downloads und Kopien dieser Seite sind nur f\u00fcr den privaten, nicht kommerziellen Gebrauch gestattet.<\/p>\n<p>Soweit die Inhalte auf dieser Seite nicht vom Betreiber erstellt wurden, werden die Urheberrechte Dritter beachtet. Insbesondere werden Inhalte Dritter als solche gekennzeichnet. Sollten Sie trotzdem auf eine Urheberrechtsverletzung aufmerksam werden, bitten wir um einen entsprechenden Hinweis. Bei Bekanntwerden von Rechtsverletzungen werden wir derartige Inhalte umgehend entfernen.<\/p>\n<h4>Quelle:<\/h4>\n<p><a href=\"https:\/\/www.e-recht24.de\/impressum-generator.html\">https:\/\/www.e-recht24.de\/impressum-generator.html<\/a><\/p>\n<div><!--StartFragment --><\/div>\n<p>&nbsp;<\/p>\n","protected":false},"excerpt":{"rendered":"<p>Radioleitung, Systemadministrator und Webadministrator Brian Berger Lehmanns Brink 39 45277 Essen Telefon: kann erfragt werden Email: redaktion(@)bergers-schlagerparadies.de &nbsp; \u00a9 by bergers-schlagerparadies.de 2020 | Umsetzung was der Webseite angeht, Brian Berger Lizenzfreie verwendete Fotos auf bergers-schlagerparadies.de : http:\/\/www.pixelio.de Lizenzfreie verwendete Fotos von\u00a0https:\/\/www.pixabay.com\/ Lizenzfreie verwendete Fotos von www.flickr.com Bergers-Schlagerparadies ist ein durch die laut.ag, bei GEMA und GVL Lizenziertes und Legales Webradio. Die zum Betrieb eines solchen eigenen Internetradios erforderlichen und anfallenden Streaming Geb\u00fchren, GEMA- und GVL-Lizenzen werden durch laut.ag entrichtet, hierzu wurden entsprechende vertragliche Vereinbarungen mit den entsprechenden Gesellschaften geschlossen, deren wesentlicher Inhalt in \u00a7 7 wiedergegeben wird. laut.ag Seilerstra\u00dfe 7 78467 Konstanz Fax: 07531 \u2013&#8230;<\/p>\n","protected":false},"author":1,"featured_media":0,"parent":0,"menu_order":0,"comment_status":"closed","ping_status":"closed","template":"","meta":{"footnotes":""},"class_list":["post-213","page","type-page","status-publish","hentry"],"_links":{"self":[{"href":"https:\/\/bergers-schlagerparadies.de\/index.php?rest_route=\/wp\/v2\/pages\/213","targetHints":{"allow":["GET"]}}],"collection":[{"href":"https:\/\/bergers-schlagerparadies.de\/index.php?rest_route=\/wp\/v2\/pages"}],"about":[{"href":"https:\/\/bergers-schlagerparadies.de\/index.php?rest_route=\/wp\/v2\/types\/page"}],"author":[{"embeddable":true,"href":"https:\/\/bergers-schlagerparadies.de\/index.php?rest_route=\/wp\/v2\/users\/1"}],"replies":[{"embeddable":true,"href":"https:\/\/bergers-schlagerparadies.de\/index.php?rest_route=%2Fwp%2Fv2%2Fcomments&post=213"}],"version-history":[{"count":7,"href":"https:\/\/bergers-schlagerparadies.de\/index.php?rest_route=\/wp\/v2\/pages\/213\/revisions"}],"predecessor-version":[{"id":14785,"href":"https:\/\/bergers-schlagerparadies.de\/index.php?rest_route=\/wp\/v2\/pages\/213\/revisions\/14785"}],"wp:attachment":[{"href":"https:\/\/bergers-schlagerparadies.de\/index.php?rest_route=%2Fwp%2Fv2%2Fmedia&parent=213"}],"curies":[{"name":"wp","href":"https:\/\/api.w.org\/{rel}","templated":true}]}}